{"id":1762,"date":"2026-03-05T14:32:08","date_gmt":"2026-03-05T12:32:08","guid":{"rendered":"https:\/\/verdon.hr\/?page_id=1762"},"modified":"2026-03-05T17:17:55","modified_gmt":"2026-03-05T15:17:55","slug":"fiskalizacija-1-0-2026","status":"publish","type":"page","link":"https:\/\/verdon.hr\/?page_id=1762","title":{"rendered":"FISKALIZACIJA 1.0 (2026.)"},"content":{"rendered":"\n<h1>\n\t\t\t\u0160to je fiskalizacija 1.0\t<\/h1>\n\t<p>Fiskalizacija je sustav elektroni\u010dke kontrole ra\u010duna u kojem se podaci o ra\u010dunu \u0161alju Poreznoj upravi u trenutku izdavanja.<\/p>\n\t<p>PROCES:<\/p>\n<h2>\n\t\t\t\u0160to se mijenja od 1.1.2026\t<\/h2>\n<h4>\n\t\t\tDo 2026.\t<\/h4>\n\t<p>Fiskalizacija se primjenjivala uglanom na gotovinu, kartice i druge oblike pla\u0107anja<\/p>\n<h4>\n\t\t\tOd 2026.\t<\/h4>\n\tU fiskalizaciju ulaze svi ra\u010duni prema gra\u0111anima.<br \/>\nTo uklju\u010duje: gotovinu, kartice, uplatu na IBAN, online pla\u0107anje,mobilna pla\u0107anja<br \/>\nDrugim rije\u010dima, svaki B2C ra\u010dun mora biti fiskaliziran.\n<h2>\n\t\t\tKlju\u010dno pravilo u 2026: nije va\u017ean na\u010din pla\u0107anja nego kupac\t<\/h2>\n\t\t\t\t<img decoding=\"async\" src=\"http:\/\/verdon.hr\/wp-content\/uploads\/2026\/03\/fiskalizacija-1-i-f2-razlike-1024x547.jpg\" alt=\"IZVOR: www.lama.hr\" itemprop=\"image\" title=\"fiskalizacija 1 i f2 razlike\" onerror=\"this.style.display='none'\" loading=\"lazy\" \/>\n\t\tIZVOR: www.lama.hr\n\t\t\t\t<img decoding=\"async\" src=\"http:\/\/verdon.hr\/wp-content\/uploads\/2026\/03\/TKO-JE-KUPAC-1024x726.png\" alt=\"TKO JE KUPAC\" itemprop=\"image\" title=\"TKO JE KUPAC\" onerror=\"this.style.display='none'\" loading=\"lazy\" \/>\n<h2>\n\t\t\tKoga se ova promjena ti\u010de\t<\/h2>\n\t\t\t<a href=\"\" target=\"_self\">\n\t\t\t\t\t\t\tPromjena se odnosi na sve koji izdaju ra\u010dune gra\u0111anima, a to su: obrtnici, d.o.o. i j.d.o.o., slobodna zanimanja, OPG-ove, pau\u0161alne obrte.\n\t\t\t\t\t<\/a>\n\t\t\t<a href=\"\" target=\"_self\">\n\t\t\t\t\t\t\tObveza vrijedi bez obzira na: PDV status, veli\u010dinu tvrtke i broj izdanih ra\u010duna.\n\t\t\t\t\t<\/a>\n<h2>\n\t\t\t\u0160TO PODUZETNICI MORAJU NAPRAVITI\t<\/h2>\n\t<p>FISKALNI CERTIFIKAT<\/p>\n\t<p>Potrebno je imati fiskalni certifikat za elektroni\u010dki potpis ra\u010duna.<\/p>\n\t<p>PROGRAM ZA IZDAVANJE RA\u010cUNA<\/p>\n\tPotrebno je koristiti sustav koji mo\u017ee: generirati ZKI, poslati ra\u010dun Poreznoj upravi, zaprimiti JIR.\n\t<p>INTERNI AKT O FISKALIZACIJI<\/p>\n\tDokument mora definirati: poslovni prostor, naplatni ure\u0111aj, oznake ra\u010duna, slijed ra\u010duna.\n\t<p>INTERNET VEZA<\/p>\n\tRa\u010duni se \u0161alju u sustav Porezne uprave u realnom vremenu.\n\n","protected":false},"excerpt":{"rendered":"<p>\u0160to je fiskalizacija 1.0 Fiskalizacija je sustav elektroni\u010dke kontrole ra\u010duna u kojem se podaci o ra\u010dunu \u0161alju Poreznoj upravi u trenutku izdavanja. PROCES: \u0160to se mijenja od 1.1.2026 Do 2026. Fiskalizacija se primjenjivala uglanom na gotovinu, kartice i druge oblike pla\u0107anja Od 2026. U fiskalizaciju ulaze svi ra\u010duni prema gra\u0111anima. To uklju\u010duje: gotovinu, kartice, uplatu [&hellip;]<\/p>\n","protected":false},"author":5,"featured_media":0,"parent":0,"menu_order":0,"comment_status":"closed","ping_status":"closed","template":"","meta":{"site-sidebar-layout":"default","site-content-layout":"","ast-site-content-layout":"default","site-content-style":"default","site-sidebar-style":"default","ast-global-header-display":"","ast-banner-title-visibility":"","ast-main-header-display":"","ast-hfb-above-header-display":"","ast-hfb-below-header-display":"","ast-hfb-mobile-header-display":"","site-post-title":"","ast-breadcrumbs-content":"","ast-featured-img":"","footer-sml-layout":"","theme-transparent-header-meta":"","adv-header-id-meta":"","stick-header-meta":"","header-above-stick-meta":"","header-main-stick-meta":"","header-below-stick-meta":"","astra-migrate-meta-layouts":"default","ast-page-background-enabled":"default","ast-page-background-meta":{"desktop":{"background-color":"var(--ast-global-color-4)","background-image":"","background-repeat":"repeat","background-position":"center center","background-size":"auto","background-attachment":"scroll","background-type":"","background-media":"","overlay-type":"","overlay-color":"","overlay-opacity":"","overlay-gradient":""},"tablet":{"background-color":"","background-image":"","background-repeat":"repeat","background-position":"center center","background-size":"auto","background-attachment":"scroll","background-type":"","background-media":"","overlay-type":"","overlay-color":"","overlay-opacity":"","overlay-gradient":""},"mobile":{"background-color":"","background-image":"","background-repeat":"repeat","background-position":"center center","background-size":"auto","background-attachment":"scroll","background-type":"","background-media":"","overlay-type":"","overlay-color":"","overlay-opacity":"","overlay-gradient":""}},"ast-content-background-meta":{"desktop":{"background-color":"var(--ast-global-color-5)","background-image":"","background-repeat":"repeat","background-position":"center center","background-size":"auto","background-attachment":"scroll","background-type":"","background-media":"","overlay-type":"","overlay-color":"","overlay-opacity":"","overlay-gradient":""},"tablet":{"background-color":"var(--ast-global-color-5)","background-image":"","background-repeat":"repeat","background-position":"center center","background-size":"auto","background-attachment":"scroll","background-type":"","background-media":"","overlay-type":"","overlay-color":"","overlay-opacity":"","overlay-gradient":""},"mobile":{"background-color":"var(--ast-global-color-5)","background-image":"","background-repeat":"repeat","background-position":"center center","background-size":"auto","background-attachment":"scroll","background-type":"","background-media":"","overlay-type":"","overlay-color":"","overlay-opacity":"","overlay-gradient":""}},"footnotes":""},"class_list":["post-1762","page","type-page","status-publish","hentry"],"_links":{"self":[{"href":"https:\/\/verdon.hr\/index.php?rest_route=\/wp\/v2\/pages\/1762","targetHints":{"allow":["GET"]}}],"collection":[{"href":"https:\/\/verdon.hr\/index.php?rest_route=\/wp\/v2\/pages"}],"about":[{"href":"https:\/\/verdon.hr\/index.php?rest_route=\/wp\/v2\/types\/page"}],"author":[{"embeddable":true,"href":"https:\/\/verdon.hr\/index.php?rest_route=\/wp\/v2\/users\/5"}],"replies":[{"embeddable":true,"href":"https:\/\/verdon.hr\/index.php?rest_route=%2Fwp%2Fv2%2Fcomments&post=1762"}],"version-history":[{"count":5,"href":"https:\/\/verdon.hr\/index.php?rest_route=\/wp\/v2\/pages\/1762\/revisions"}],"predecessor-version":[{"id":1775,"href":"https:\/\/verdon.hr\/index.php?rest_route=\/wp\/v2\/pages\/1762\/revisions\/1775"}],"wp:attachment":[{"href":"https:\/\/verdon.hr\/index.php?rest_route=%2Fwp%2Fv2%2Fmedia&parent=1762"}],"curies":[{"name":"wp","href":"https:\/\/api.w.org\/{rel}","templated":true}]}}